{"id":1316,"date":"2017-10-16T04:10:26","date_gmt":"2017-10-16T04:10:26","guid":{"rendered":"http:\/\/ninzio.com\/bauer\/?page_id=1316"},"modified":"2022-02-21T04:49:42","modified_gmt":"2022-02-21T04:49:42","slug":"haqqimizda","status":"publish","type":"page","link":"https:\/\/tech-con.az\/ru_ru\/haqqimizda\/","title":{"rendered":"\u041e \u043d\u0430\u0441"},"content":{"rendered":"<div class=\"wpb-content-wrapper\"><div class=\"vc-custom-col-spacing clearfix vc-col-spacing-30\"><section id=\"first-row\" class=\"wpb_row vc_row-fluid vc_custom_1558754119849 vc_row-has-fill row-content-position-Default\"><div class=\"bauer-container\"><div class=\"row-inner clearfix\"><div class=\"wpb_column vc_column_container vc_col-sm-12\"><div class=\"vc_column-inner\"><div class=\"wpb_wrapper\">\r\n\t<div class=\"bauer-spacer clearfix\" data-desktop=\"94\" data-mobi=\"60\" data-smobi=\"60\"><\/div><div class=\"bauer-content-box clearfix\" ><div class=\"vc-custom-col-inner-spacing clearfix vc-col-inner-spacing-30\"><div class=\"wpb_row vc_inner vc_row-fluid\"><div class=\"wpb_column vc_column_container vc_col-sm-6\"><div class=\"vc_column-inner\"><div class=\"wpb_wrapper\"><div class=\"bauer-single-heading clearfix\" style=\"margin-bottom:25px;\"><span class=\"inner\"><span class=\"heading clearfix\" style=\"font-weight:600;color:#cacaca;font-size:16px;\">\r\n\t\t\u0414\u041e\u0411\u0420\u041e \u041f\u041e\u0416\u0410\u041b\u041e\u0412\u0410\u0422\u042c \u0412 TECHN\u0130CAL CONSTRUCT\u0130ON\r\n\t<\/span><\/span><\/div><h2 class=\"bauer-text clearfix\" style=\"font-size:42px;line-height:50px;margin-bottom:32px;\"><p>\u041e \u043d\u0430\u0448\u0435\u0439 \u043a\u043e\u043c\u043f\u0430\u043d\u0438\u0438<\/p>\n<\/h2><div class=\"bauer-text clearfix\" style=\"font-size:18px;line-height:30px;color:#414042;margin-bottom:34px;\"><p>\u041a\u043e\u043c\u043f\u0430\u043d\u0438\u044f \u0431\u044b\u043b\u0430 \u0443\u0447\u0440\u0435\u0436\u0434\u0435\u043d\u0430 \u0432 2014 \u0433. \u043f\u043e\u0434 \u043d\u0430\u0437\u0432\u0430\u043d\u0438\u0435\u043c \u041e\u0431\u0449\u0435\u0441\u0442\u0432\u043e \u0441\n\u043e\u0433\u0440\u0430\u043d\u0438\u0447\u0435\u043d\u043d\u043e\u0439 \u043e\u0442\u0432\u0435\u0442\u0441\u0442\u0432\u0435\u043d\u043d\u043e\u0441\u0442\u044c\u044e &quot;Technical Construction&quot;. \u041e\u0441\u043d\u043e\u0432\u043d\u043e\u0439 \u0435\u0435\n\u0434\u0435\u044f\u0442\u0435\u043b\u044c\u043d\u043e\u0441\u0442\u044c\u044e \u044f\u0432\u043b\u044f\u0435\u0442\u0441\u044f \u043f\u0440\u043e\u0438\u0437\u0432\u043e\u0434\u0441\u0442\u0432\u043e \u0438 \u0443\u0441\u0442\u0430\u043d\u043e\u0432\u043a\u0430 \u0440\u0430\u0437\u043b\u0438\u0447\u043d\u044b\u0445\n\u043c\u0435\u0442\u0430\u043b\u043b\u0438\u0447\u0435\u0441\u043a\u0438\u0445 \u043a\u043e\u043d\u0441\u0442\u0440\u0443\u043a\u0446\u0438\u0439 \u0432 \u0441\u0444\u0435\u0440\u0435 \u0442\u044f\u0436\u0435\u043b\u043e\u0439 \u0438 \u043b\u0435\u0433\u043a\u043e\u0439 \u043f\u0440\u043e\u043c\u044b\u0448\u043b\u0435\u043d\u043d\u043e\u0441\u0442\u0438.\n\u041e\u0441\u043d\u0430\u0449\u0435\u043d\u0430 \u043e\u0431\u043e\u0440\u0443\u0434\u043e\u0432\u0430\u043d\u0438\u0435\u043c \u0438 \u0441\u0442\u0430\u043d\u043a\u0430\u043c\u0438, \u0441\u043f\u043e\u0441\u043e\u0431\u043d\u044b\u043c\u0438 \u043e\u0441\u0443\u0449\u0435\u0441\u0442\u0432\u043b\u044f\u0442\u044c \u0441\u0432\u044b\u0448\u0435\n300 \u0440\u0430\u0437\u043b\u0438\u0447\u043d\u044b\u0445 \u043e\u043f\u0435\u0440\u0430\u0446\u0438\u0439.<\/p>\n<\/div><div class=\"bauer-text clearfix\" style=\"\"><p class=\" translation-block\">\u041a\u043e\u043c\u043f\u0430\u043d\u0438\u044f \"Technical Construction\" \u043e\u0441\u0443\u0449\u0435\u0441\u0442\u0432\u043b\u044f\u0435\u0442 \u0441\u0442\u0440\u043e\u0438\u0442\u0435\u043b\u044c\u043d\u043e-\n\u043c\u043e\u043d\u0442\u0430\u0436\u043d\u044b\u0435 \u0440\u0430\u0431\u043e\u0442\u044b \u0432 \u0441\u043e\u043e\u0442\u0432\u0435\u0442\u0441\u0442\u0432\u0438\u0438 \u0441 \u043f\u0440\u043e\u0435\u043a\u0442\u0430\u043c\u0438, \u043f\u0440\u0435\u0434\u043e\u0441\u0442\u0430\u0432\u043b\u0435\u043d\u043d\u044b\u043c\u0438\n\u0437\u0430\u043a\u0430\u0437\u0447\u0438\u043a\u043e\u043c, \u0441 \u0443\u0447\u0435\u0442\u043e\u043c \u0413\u043e\u0441\u0443\u0434\u0430\u0440\u0441\u0442\u0432\u0435\u043d\u043d\u044b\u0445 \u0441\u0442\u0440\u043e\u0438\u0442\u0435\u043b\u044c\u043d\u044b\u0445 \u043d\u043e\u0440\u043c\n\u0410\u0437\u0435\u0440\u0431\u0430\u0439\u0434\u0436\u0430\u043d\u0441\u043a\u043e\u0439 \u0420\u0435\u0441\u043f\u0443\u0431\u043b\u0438\u043a\u0438, \u0413\u043e\u0441\u0443\u0434\u0430\u0440\u0441\u0442\u0432\u0435\u043d\u043d\u044b\u0445 \u0441\u0442\u0430\u043d\u0434\u0430\u0440\u0442\u043e\u0432, \u043f\u0440\u043e\u0435\u043a\u0442\u043d\u044b\u0445,\n\u043e\u0440\u0433\u0430\u043d\u0438\u0437\u0430\u0446\u0438\u043e\u043d\u043d\u043e- \u0442\u0435\u0445\u043d\u043e\u043b\u043e\u0433\u0438\u0447\u0435\u0441\u043a\u0438\u0445 \u0438 \u0434\u0440\u0443\u0433\u0438\u0445 \u043d\u043e\u0440\u043c\u0430\u0442\u0438\u0432\u043d\u044b\u0445 \u0434\u043e\u043a\u0443\u043c\u0435\u043d\u0442\u043e\u0432. \u0412\n\u0446\u0435\u043b\u044f\u0445 \u043a\u0430\u0447\u0435\u0441\u0442\u0432\u0435\u043d\u043d\u043e\u0433\u043e \u043e\u0441\u0443\u0449\u0435\u0441\u0442\u0432\u043b\u0435\u043d\u0438\u044f \u0441\u0432\u043e\u0438\u0445 \u0440\u0430\u0431\u043e\u0442, \u043a\u043e\u043c\u043f\u0430\u043d\u0438\u044f \u0438\u0441\u043f\u043e\u043b\u044c\u0437\u0443\u0435\u0442\n\u0441\u043e\u043e\u0442\u0432\u0435\u0442\u0441\u0442\u0432\u0443\u044e\u0449\u0438\u0435 \u0441\u0442\u0430\u043d\u0434\u0430\u0440\u0442\u0430\u043c \u0438\u0437\u043c\u0435\u0440\u0438\u0442\u0435\u043b\u044c\u043d\u044b\u0435 \u043f\u0440\u0438\u0431\u043e\u0440\u044b, \u043f\u0440\u0438\u0433\u043e\u0434\u043d\u043e\u0441\u0442\u044c\n\u043a\u043e\u0442\u043e\u0440\u044b\u0445 \u0443\u0442\u0432\u0435\u0440\u0436\u0434\u0435\u043d\u0430 \u0441\u043e\u043e\u0442\u0432\u0435\u0442\u0441\u0442\u0432\u0443\u044e\u0449\u0438\u043c\u0438 \u043b\u0430\u0431\u043e\u0440\u0430\u0442\u043e\u0440\u0438\u044f\u043c\u0438. <br>\n\u041f\u0440\u043e\u0438\u0437\u0432\u043e\u0434\u0441\u0442\u0432\u0435\u043d\u043d\u044b\u0439 \u0443\u0447\u0430\u0441\u0442\u043e\u043a \u041e\u041e\u041e \"Technical Construction\" \u0440\u0430\u0441\u043f\u043e\u043b\u043e\u0436\u0435\u043d\n\u043d\u0430 \u0437\u0430\u0432\u043e\u0434\u0435 \u041e\u0410\u041e \"Azerelektroterm\" (\u0411\u0430\u043a\u0438\u043d\u0441\u043a\u0438\u0439 \u0437\u0430\u0432\u043e\u0434 \u044d\u043b\u0435\u043a\u0442\u0440\u043e\u0442\u0435\u0440\u043c\u0438\u0447\u0435\u0441\u043a\u043e\u0433\u043e\n\u043e\u0431\u043e\u0440\u0443\u0434\u043e\u0432\u0430\u043d\u0438\u044f).<\/p>\n<\/div>\r\n\t<div class=\"bauer-spacer clearfix\" data-desktop=\"60\" data-mobi=\"30\" data-smobi=\"30\"><\/div><\/div><\/div><\/div><div class=\"wpb_column vc_column_container vc_col-sm-6\"><div class=\"vc_column-inner\"><div class=\"wpb_wrapper\">\r\n\t<div class=\"bauer-spacer clearfix\" data-desktop=\"55\" data-mobi=\"40\" data-smobi=\"40\"><\/div><div class=\"bauer-simple-image text-center\" style=\"\" >\r\n\t\t\t<img decoding=\"async\" alt=\"image\" src=\"https:\/\/tech-con.az\/wp-content\/uploads\/2019\/05\/about-main-1.png\" \/> \r\n\t\t<\/div><\/div><\/div><\/div><\/div><\/div><\/div>\r\n\t<div class=\"bauer-spacer clearfix\" data-desktop=\"100\" data-mobi=\"60\" data-smobi=\"60\"><\/div><\/div><\/div><\/div><div class=\"wpb_column vc_column_container vc_col-sm-12\"><div class=\"vc_column-inner\"><div class=\"wpb_wrapper\"><div class=\"bauer-headings clearfix text-center\"  style=\"\"><h2 class=\"heading clearfix\" style=\"\">\r\n\t\t\u041d\u0430\u0448 \u0441\u0435\u0440\u0442\u0438\u0444\u0438\u043a\u0430\u0442\r\n\t<\/h2><\/div><div class=\"bauer-images-grid clearfix\" data-layout=\"slider\" data-column=\"2\" data-column2=\"2\" data-column3=\"2\" data-column4=\"1\" data-gaph=\"0\" data-gapv=\"0\"><div id=\"images-wrap\" class=\"cbp\"><div class=\"cbp-item\"><div class=\"item-wrap\" style=\"\"><a class=\"zoom-popup cbp-lightbox\" href=\"https:\/\/tech-con.az\/wp-content\/uploads\/2022\/02\/Lisenziya-04.05.2021_page-0001.jpg\"><\/a><img decoding=\"async\" src=\"https:\/\/tech-con.az\/wp-content\/uploads\/2022\/02\/Lisenziya-04.05.2021_page-0001-600x600.jpg\" alt=\"image\" \/><\/div><\/div><div class=\"cbp-item\"><div class=\"item-wrap\" style=\"\"><a class=\"zoom-popup cbp-lightbox\" href=\"https:\/\/tech-con.az\/wp-content\/uploads\/2022\/02\/Lisenziya-04.05.2021_page-0002.jpg\"><\/a><img decoding=\"async\" src=\"https:\/\/tech-con.az\/wp-content\/uploads\/2022\/02\/Lisenziya-04.05.2021_page-0002-600x600.jpg\" alt=\"image\" \/><\/div><\/div><\/div><\/div><\/div><\/div><\/div><\/div><\/div><\/section><\/div>\n<\/div>","protected":false},"excerpt":{"rendered":"TECHN\u0130CAL CONSTRUCT\u0130ON \u015e\u0130RK\u018fT\u0130N\u018f XO\u015e G\u018fLM\u0130S\u0130N\u0130Z! \u015eirk\u0259timiz haqq\u0131nda \u015eirk\u0259t 2014-c\u00fc ilin mart\u0131nda \u201cTechnical Construction\u201d M\u0259hdud M\u0259suliyy\u0259tli C\u0259miyy\u0259ti ad\u0131 alt\u0131nda yarad\u0131lm\u0131\u015fd\u0131r. \u018fsas f\u0259aliyy\u0259tli a\u011f\u0131r v\u0259 y\u00fcng\u00fcl s\u0259naye sah\u0259l\u0259rind\u0259 m\u00fcxt\u0259lif metal konstruksiya istehsal\u0131n\u0131 v\u0259 qura\u015fd\u0131r\u0131lmas\u0131n\u0131 h\u0259yata ke\u00e7irir. 300-d\u0259n \u00e7ox m\u00fcxt\u0259lif \u00e7e\u015fidli \u0259m\u0259liyyat h\u0259yata ke\u00e7irm\u0259 qabiliyy\u0259tin\u0259 malik d\u0259zgah v\u0259 avadanl\u0131qlarla t\u0259chiz edilmi\u015fdir. \u201cTechnical Construction\u201d","protected":false},"author":1,"featured_media":0,"parent":0,"menu_order":0,"comment_status":"closed","ping_status":"closed","template":"","meta":{"om_disable_all_campaigns":false,"_monsterinsights_skip_tracking":false,"_monsterinsights_sitenote_active":false,"_monsterinsights_sitenote_note":"","_monsterinsights_sitenote_category":0,"footnotes":""},"class_list":["post-1316","page","type-page","status-publish","hentry"],"aioseo_notices":[],"_links":{"self":[{"href":"https:\/\/tech-con.az\/ru_ru\/wp-json\/wp\/v2\/pages\/1316","targetHints":{"allow":["GET"]}}],"collection":[{"href":"https:\/\/tech-con.az\/ru_ru\/wp-json\/wp\/v2\/pages"}],"about":[{"href":"https:\/\/tech-con.az\/ru_ru\/wp-json\/wp\/v2\/types\/page"}],"author":[{"embeddable":true,"href":"https:\/\/tech-con.az\/ru_ru\/wp-json\/wp\/v2\/users\/1"}],"replies":[{"embeddable":true,"href":"https:\/\/tech-con.az\/ru_ru\/wp-json\/wp\/v2\/comments?post=1316"}],"version-history":[{"count":7,"href":"https:\/\/tech-con.az\/ru_ru\/wp-json\/wp\/v2\/pages\/1316\/revisions"}],"predecessor-version":[{"id":9356,"href":"https:\/\/tech-con.az\/ru_ru\/wp-json\/wp\/v2\/pages\/1316\/revisions\/9356"}],"wp:attachment":[{"href":"https:\/\/tech-con.az\/ru_ru\/wp-json\/wp\/v2\/media?parent=1316"}],"curies":[{"name":"wp","href":"https:\/\/api.w.org\/{rel}","templated":true}]}}