{"id":1326,"date":"2017-10-16T13:06:09","date_gmt":"2017-10-16T13:06:09","guid":{"rendered":"http:\/\/ninzio.com\/bauer\/?page_id=1326"},"modified":"2022-03-15T06:45:15","modified_gmt":"2022-03-15T06:45:15","slug":"xidmetlerimiz","status":"publish","type":"page","link":"https:\/\/tech-con.az\/en\/xidmetlerimiz\/","title":{"rendered":"Our Service"},"content":{"rendered":"<div class=\"wpb-content-wrapper\"><div class=\"vc-custom-col-spacing clearfix vc-col-spacing-30 image-absolute\"><section class=\"wpb_row vc_row-fluid vc_custom_1644771278848 vc_row-has-fill row-content-position-Default\"><div class=\"bauer-container\"><div class=\"row-inner clearfix\"><div class=\"wpb_column vc_column_container vc_col-sm-12\"><div class=\"vc_column-inner\"><div class=\"wpb_wrapper\"><div class=\"bauer-content-box clearfix\" data-padding=\"55px 50px 50px 50px\" data-mobipadding=\"55px 50px 50px 50px\" data-margin=\"-100px 0px 0px 0px\" data-mobimargin=\"-100px 0px 0px 0px\" >\r\n\t\t<div class=\"inner ctb-1663559936\" style=\"background:url(https:\/\/tech-con.az\/wp-content\/uploads\/2019\/05\/counters-bg.jpg) center center no-repeat;background-size:cover;\"  data-background=\"\" data-rounded=\"5px\">\r\n\t\t\t<div class=\"bauer-grid-box clearfix grid3 border-dark v-30 h-15 no-border-wrap\" data-grid=\"3\" >\r\n\t\t<div class=\"bauer-counter clearfix style-2\" ><div class=\"inner\"><div class=\"left-wrap\" style=\"width:43%\"><div class=\"icon  accent\" style=\"font-size:50px; line-height: normal;line-height:40px;margin-right:20px;\"><i class=\"bauerico-plan\"><\/i><\/div><\/div><div class=\"right-wrap\" style=\"width:57%\"><h3 class=\"number-wrap\" style=\"color:#ffffff;font-weight:400;font-size:42px;\"><span class=\"prefix\" style=\"\"><\/span><span class=\"number\" data-speed=\"5000\" data-from=\"0\" data-to=\"1037\"> 1037<\/span><span class=\"suffix\" style=\"\"><\/span><\/h3><\/div><\/div><h5 class=\"heading\" style=\"color:#ffffff;font-size:18px;margin-top:10px;\">\r\n\t\tFinished projects\r\n\t<\/h5><\/div><div class=\"bauer-counter clearfix style-2\" ><div class=\"inner\"><div class=\"left-wrap\" style=\"width:43%\"><div class=\"icon  accent\" style=\"font-size:50px; line-height: normal;line-height:40px;margin-right:20px;\"><i class=\"bauerico-helmet\"><\/i><\/div><\/div><div class=\"right-wrap\" style=\"width:57%\"><h3 class=\"number-wrap\" style=\"color:#ffffff;font-weight:400;font-size:42px;\"><span class=\"prefix\" style=\"\"><\/span><span class=\"number\" data-speed=\"5000\" data-from=\"0\" data-to=\"5798\"> 5798<\/span><span class=\"suffix\" style=\"\"><\/span><\/h3><\/div><\/div><h5 class=\"heading\" style=\"color:#ffffff;font-size:18px;margin-top:10px;\">\r\n\t\tEngineer\r\n\t<\/h5><\/div><div class=\"bauer-counter clearfix style-2\" ><div class=\"inner\"><div class=\"left-wrap\" style=\"width:43%\"><div class=\"icon  accent\" style=\"font-size:50px; line-height: normal;line-height:40px;margin-right:20px;\"><i class=\"bauerico-ruler\"><\/i><\/div><\/div><div class=\"right-wrap\" style=\"width:57%\"><h3 class=\"number-wrap\" style=\"color:#ffffff;font-weight:400;font-size:42px;\"><span class=\"prefix\" style=\"\"><\/span><span class=\"number\" data-speed=\"5000\" data-from=\"0\" data-to=\"747\"> 747<\/span><span class=\"suffix\" style=\"color:#ffffff;\">+<\/span><\/h3><\/div><\/div><h5 class=\"heading\" style=\"color:#ffffff;font-size:18px;margin-top:10px;\">\r\n\t\tWorkplaces\r\n\t<\/h5><\/div>\n\r\n\t<\/div>\r\n\t\t<\/div>\r\n\t<\/div>\r\n\t<div class=\"bauer-spacer clearfix\" data-desktop=\"94\" data-mobi=\"60\" data-smobi=\"60\"><\/div><\/div><\/div><\/div><\/div><\/div><div class=\"image-container\" style=\"bottom:0px;left:48%;transform:translate(-50%,0);\"><img decoding=\"async\" src=\"\" alt=\"Image\"><\/div><\/section><\/div><div class=\"vc-custom-col-spacing clearfix vc-col-spacing-30\"><section class=\"wpb_row vc_row-fluid vc_custom_1647326554491 vc_row-has-fill row-content-position-Default\"><div class=\"bauer-container\"><div class=\"row-inner clearfix\"><div class=\"wpb_column vc_column_container vc_col-sm-12\"><div class=\"vc_column-inner\"><div class=\"wpb_wrapper\"><h2 class=\"bauer-text clearfix text-center\" style=\"font-size:42px;line-height:50px;color:#ffffff;margin-bottom:32px;\"><p>Our Service<\/p>\n<\/h2>\r\n\t<div class=\"bauer-spacer clearfix\" data-desktop=\"40\" data-mobi=\"0\" data-smobi=\"0\"><\/div>     \r\n    \t<div class=\"bauer-adv-tabs style-2\">\r\n            <div class=\"tab-title\">\r\n            <\/div>\r\n            <div class=\"tab-content-wrap\">\r\n            \t     \t    <div class=\"tab-content\">\r\n                <div class=\"item-title\"><a class=\"anchor-link\"><span class=\"icon\" style=\"font-size:50px;\"><i class=\"bauerico-driller\"><\/i><\/span><span class=\"title\">Gas plasma cutting<\/span><\/a><\/div>     \t    \t<div class=\"item-content\">\r\n\t<div class=\"bauer-spacer clearfix\" data-desktop=\"45\" data-mobi=\"30\" data-smobi=\"30\"><\/div><div class=\"bauer-text clearfix text-center\" style=\"font-size:18px;line-height:30px;color:#ffffff;max-width:800px;margin-left: auto; margin-right: auto;\"><p class=\" translation-block\">The plasma cutter allows to implement the cutting operation quickly and<br>\nwith minimal errors. Finished products come out without sagging, roughness <br>\nand fire scales. You are able to cut almost any type of metal with plasma cutter. <br>\nThe raw materials in different states are able to be used for the cutting-out: it is <br>\nnot required to clean the raw material from paint or rust. The plasma cutter <br>\nallows to get very smooth and accurate small- size cutting without the waste. <br>\nMoreover, the deformation of the processed metal is so insignificant that it in no <br>\nway affects the product quality.<br>\nTechnical properties<br>\n\u2013 Cutting width \u2013 2500 mm<br>\n\u2013 Cutting length \u2013 12000 mm<br>\n\u2013 Cutting thickness (plasma) \u2013 0.5 \u2013 50 mm<br>\n\u2013 Cutting thickness (gas- oxygen cutting) \u2013 6 \u2013 100 mm<\/p>\n<\/div>\r\n\t<div class=\"bauer-spacer clearfix\" data-desktop=\"40\" data-mobi=\"40\" data-smobi=\"40\"><\/div><\/div>     \t    <\/div>\r\n             \t    <div class=\"tab-content\">\r\n                <div class=\"item-title\"><a class=\"anchor-link\"><span class=\"icon\" style=\"font-size:50px;\"><i class=\"bauerico-barrel\"><\/i><\/span><span class=\"title\">Metal containers<\/span><\/a><\/div>     \t    \t<div class=\"item-content\">\r\n\t<div class=\"bauer-spacer clearfix\" data-desktop=\"45\" data-mobi=\"30\" data-smobi=\"30\"><\/div><div class=\"bauer-text clearfix text-center\" style=\"font-size:18px;line-height:30px;color:#ffffff;max-width:800px;margin-left: auto; margin-right: auto;\"><p class=\" translation-block\">Nowadays you hardly can see an enterprise which does not use the metal <br>\ncontainers and tanks. Their application field is unlimited. Despite the variety of <br>\nconditions, steel still remains the most reliable and practical material for the manufacture of metal containers. Rolled plates made of different brands of steel are used with this purpose.<br>\nOur company presents the services for the manufacturing of metal<br>\ncontainers and tanks. You are able to buy from our company the containers of any size, shape and any destination.<br>\nAlmost all the types of metal processing are concentrated in our enterprise.<br>\nTherefore, there are no restrictions on technologies for us. Metal cutting is implemented in computer- controlled plasma or gas cutting devices. Thanks to it the losses due to the waste are minimized.<\/p>\n<\/div>\r\n\t<div class=\"bauer-spacer clearfix\" data-desktop=\"40\" data-mobi=\"40\" data-smobi=\"40\"><\/div><\/div>     \t    <\/div>\r\n             \t    <div class=\"tab-content\">\r\n                <div class=\"item-title\"><a class=\"anchor-link\"><span class=\"icon\" style=\"font-size:50px;\"><i class=\"bauerico-ruler-1\"><\/i><\/span><span class=\"title\">Mechanical processing works<\/span><\/a><\/div>     \t    \t<div class=\"item-content\">\r\n\t<div class=\"bauer-spacer clearfix\" data-desktop=\"45\" data-mobi=\"30\" data-smobi=\"30\"><\/div><div class=\"bauer-text clearfix text-center\" style=\"font-size:18px;line-height:30px;color:#ffffff;max-width:800px;margin-left: auto; margin-right: auto;\"><p class=\" translation-block\">Thanks to turning processing, the products will be of high quality and\naccuracy. Metal turning machine is able to turn both simple (screw bolt, nut,\nsheave) and more complex products (shaft, coupling, flange, spindle). The\npieces made using the metal turning machine will be much more accurate: the\nmeasurement can be not in the millimetres, but in tenths, even hundredths of a\nmillimetre. <br>\nScrew cutting is one of the work types that can be done by means of the\nturning machine. The screw thread is used in different fields, including\nmechanical engineering, as well repair and construction works.The screw\nthread is also necessary for the transmission of force and motion in the devices.<\/p>\n<\/div>\r\n\t<div class=\"bauer-spacer clearfix\" data-desktop=\"40\" data-mobi=\"40\" data-smobi=\"40\"><\/div><\/div>     \t    <\/div>\r\n             \t    <div class=\"tab-content\">\r\n                <div class=\"item-title\"><a class=\"anchor-link\"><span class=\"icon\" style=\"font-size:50px;\"><i class=\"bauerico-pipe\"><\/i><\/span><span class=\"title\">Abrasive blasting and painting<\/span><\/a><\/div>     \t    \t<div class=\"item-content\">\r\n\t<div class=\"bauer-spacer clearfix\" data-desktop=\"45\" data-mobi=\"30\" data-smobi=\"30\"><\/div><div class=\"bauer-text clearfix text-center\" style=\"font-size:18px;line-height:30px;color:#ffffff;max-width:800px;margin-left: auto; margin-right: auto;\"><p class=\" translation-block\">Two intercomplementary operations, i.e., abrasive blasting and painting,\nare integral stages of the procedure for cleaning of different types of surfaces\nfrom old enamel, dirt, mud, rust and further painting. <br>\nThe surfaces are cleaned by means of sand blasters and shot blasting\nchambers. The materials used for the cleaning are different types of the\nabrasives, e.g., shot and sand. The painting is implemented after the cleaning.<br>\nAbrasive blasting and painting have the following benefits:<br>\n- tiny abrasive particles provide gentle and effective cleaning of the surface\nfrom dirt, soot, burns, coke, rust;<br>\n- painting and abrasives spraying are indispensable for the processing of\nthe metals with the parts where traditional processing methods are\nimpracticable.<\/p>\n<\/div>\r\n\t<div class=\"bauer-spacer clearfix\" data-desktop=\"40\" data-mobi=\"40\" data-smobi=\"40\"><\/div><\/div>     \t    <\/div>\r\n             \t    <div class=\"tab-content\">\r\n                <div class=\"item-title\"><a class=\"anchor-link\"><span class=\"icon\" style=\"font-size:50px;\"><i class=\"bauerico-crane\"><\/i><\/span><span class=\"title\">Heavy and light metal structures processing and installation<\/span><\/a><\/div>     \t    \t<div class=\"item-content\">\r\n\t<div class=\"bauer-spacer clearfix\" data-desktop=\"45\" data-mobi=\"30\" data-smobi=\"30\"><\/div><div class=\"bauer-text clearfix text-center\" style=\"font-size:18px;line-height:30px;color:#ffffff;max-width:800px;margin-left: auto; margin-right: auto;\"><p class=\" translation-block\">We implement the construction of modern buildings of any type\n(industrial, agricultural buildings, warehouses and hangars, administrative,\nsports, trade buildings). <br>\nConstruction stages:<br>\n1. Choosing optimal constructive solution,\n2. Free of charge calculation of the construction cost,<br>\n3. Drawing up the project documentation on the facility,<br>\n4. Manufacturing of metal structures (manufacturing, abrasive blasting\nand painting)<br>\nInstallation works:<br>\n1. Foundation,<br>\n2. Metal structures installation,<br>\n3. Wall cladding (sandwich panels, profiled sheet),<br>\n4. Roofing,<br>\n5. We do not use the subcontracting.<\/p>\n<\/div>\r\n\t<div class=\"bauer-spacer clearfix\" data-desktop=\"40\" data-mobi=\"40\" data-smobi=\"40\"><\/div><\/div>     \t    <\/div>\r\n                    <\/div>                \t\t\t\r\n    \t<\/div>\r\n\r\n        \r\n\t<div class=\"bauer-spacer clearfix\" data-desktop=\"150\" data-mobi=\"60\" data-smobi=\"60\"><\/div><\/div><\/div><\/div><\/div><\/div><\/section><\/div><div class=\"vc-custom-col-spacing clearfix vc-col-spacing-30\"><section class=\"wpb_row vc_row-fluid vc_custom_1558770091626 vc_row-has-fill row-content-position-Default\"><div class=\"bauer-container\"><div class=\"row-inner clearfix\"><div class=\"wpb_column vc_column_container vc_col-sm-12\"><div class=\"vc_column-inner\"><div class=\"wpb_wrapper\"><div class=\"bauer-content-box clearfix\" ><div class=\"vc-custom-col-inner-spacing clearfix vc-col-inner-spacing-30\"><div class=\"wpb_row vc_inner vc_row-fluid\"><div class=\"wpb_column vc_column_container vc_col-sm-6\"><div class=\"vc_column-inner\"><div class=\"wpb_wrapper\">\r\n\t<div class=\"bauer-spacer clearfix\" data-desktop=\"94\" data-mobi=\"60\" data-smobi=\"60\"><\/div><h2 class=\"bauer-text clearfix\" style=\"font-size:42px;line-height:50px;margin-bottom:12px;\"><p>Contact us<\/p>\n<\/h2><div class=\"bauer-text clearfix\" style=\"color:#030f27;\"><p>If you have any questions, you can contact us.<\/p>\n<\/div>\r\n\t<div class=\"bauer-spacer clearfix\" data-desktop=\"60\" data-mobi=\"40\" data-smobi=\"40\"><\/div><div class=\"bauer-icon-box clearfix icon-left align-left  simple\" style=\"\" ><div class=\"wrap-inner\" style=\"position: relative;\"><div class=\"bauer-icon icon-1887416389 accent custom\"  data-background=\"rgba(243,92,39,0.2)\">\r\n\t\t\t\t<span class=\"icon\" style=\"font-size:32px;width:70px;height:70px;border-style:solid;border-radius:40px;line-height:74px;margin-top:4px; box-shadow: 0px 0px 0px 5px rgba(243,92,39,0.1)\"><i class=\"elegant-icon_pin_alt\"><\/i><\/span>\r\n\t\t\t<\/div> <h3 class=\"heading\" style=\"padding-left:100px;font-size:18px;margin-bottom:1px;\">\r\n\t\t\t<span>Location<\/span>\r\n\t\t<\/h3><div class=\"desc\" style=\"padding-left:100px;\"><div>Bak\u0131 \u015f\u0259h\u0259ri, N\u0259rimanov rayonu,<\/div>\n<div style=\"font-weight: 600; color: #8a99c0;\">\u018fl\u0259sg\u0259r Qay\u0131bov 12<br \/>\n<a href=\"https:\/\/www.google.com\/maps\/place\/40%C2%B025'20.7%22N+49%C2%B052'55.6%22E\/@40.4224177,49.8815633,213m\/data=!3m2!1e3!4b1!4m9!1m2!2m1!1sTechnical+Construction!3m5!1s0x0:0xb664f0752cff89cb!7e2!8m2!3d40.4224239!4d49.8821076\">Bizi x\u0259r\u0259t\u0259d\u0259 tap\u0131n<\/a><\/div>\n<\/div> <\/div><\/div>\r\n\t<div class=\"bauer-spacer clearfix\" data-desktop=\"18\" data-mobi=\"18\" data-smobi=\"18\"><\/div><div class=\"bauer-divider divider-left divider-solid\" style=\"border-top-color:#e7e7e7;\"><\/div><div class=\"clearfix\"><\/div>\r\n\t<div class=\"bauer-spacer clearfix\" data-desktop=\"18\" data-mobi=\"18\" data-smobi=\"18\"><\/div><div class=\"bauer-icon-box clearfix icon-left align-left  simple\" style=\"\" ><div class=\"wrap-inner\" style=\"position: relative;\"><div class=\"bauer-icon icon-236840786 accent custom\"  data-background=\"rgba(243,92,39,0.2)\">\r\n\t\t\t\t<span class=\"icon\" style=\"font-size:32px;width:70px;height:70px;border-style:solid;border-radius:40px;line-height:74px;margin-top:4px; box-shadow: 0px 0px 0px 5px rgba(243,92,39,0.1)\"><i class=\"elegant-icon_phone\"><\/i><\/span>\r\n\t\t\t<\/div> <h3 class=\"heading\" style=\"padding-left:100px;font-size:18px;margin-bottom:1px;\">\r\n\t\t\t<span>Phone<\/span>\r\n\t\t<\/h3><div class=\"desc\" style=\"padding-left:100px;\"><div style=\"font-weight: 600; color: #8a99c0;\"><span>050 250 32 04<\/span><br \/>\n<span>012 566 07 59<\/span><\/div>\n<\/div> <\/div><\/div>\r\n\t<div class=\"bauer-spacer clearfix\" data-desktop=\"18\" data-mobi=\"18\" data-smobi=\"18\"><\/div><div class=\"bauer-divider divider-left divider-solid\" style=\"border-top-color:#e7e7e7;\"><\/div><div class=\"clearfix\"><\/div>\r\n\t<div class=\"bauer-spacer clearfix\" data-desktop=\"18\" data-mobi=\"18\" data-smobi=\"18\"><\/div><div class=\"bauer-icon-box clearfix icon-left align-left  simple\" style=\"\" ><div class=\"wrap-inner\" style=\"position: relative;\"><div class=\"bauer-icon icon-809872248 accent custom\"  data-background=\"rgba(243,92,39,0.2)\">\r\n\t\t\t\t<span class=\"icon\" style=\"font-size:32px;width:70px;height:70px;border-style:solid;border-radius:40px;line-height:74px;margin-top:4px; box-shadow: 0px 0px 0px 5px rgba(243,92,39,0.1)\"><i class=\"elegant-icon_mail_alt\"><\/i><\/span>\r\n\t\t\t<\/div> <h3 class=\"heading\" style=\"padding-left:100px;font-size:18px;margin-bottom:1px;\">\r\n\t\t\t<span>Email<\/span>\r\n\t\t<\/h3><div class=\"desc\" style=\"padding-left:100px;\"><div class=\"text-accent-color\" style=\"font-weight: 600;\">office@tech-con.az<\/div>\n<\/div> <\/div><\/div>\r\n\t<div class=\"bauer-spacer clearfix\" data-desktop=\"18\" data-mobi=\"18\" data-smobi=\"18\"><\/div><div class=\"bauer-divider divider-left divider-solid\" style=\"border-top-color:#e7e7e7;\"><\/div><div class=\"clearfix\"><\/div>\r\n\t<div class=\"bauer-spacer clearfix\" data-desktop=\"0\" data-mobi=\"50\" data-smobi=\"50\"><\/div><\/div><\/div><\/div><div class=\"wpb_column vc_column_container vc_col-sm-6\"><div class=\"vc_column-inner\"><div class=\"wpb_wrapper\"><div class=\"bauer-content-box clearfix\" data-padding=\"53px 35px 60px 35px\" data-mobipadding=\"50px 35px 50px 35px\" data-margin=\"-50px 0px 0px 0px\" data-mobimargin=\"0px 0px 0px 0px\" >\r\n\t\t<div class=\"inner ctb-572776188\" style=\"\"  data-background=\"#ffffff\" data-rounded=\"5px\" data-border-width=\"1px\" data-shadow=\" 0px 0px 20px 0px rgba(3,15,39,0.07)\">\r\n\t\t\t<div class=\"bauer-headings clearfix text-center\" data-font=\"22\" style=\"\"><h2 class=\"heading clearfix\" style=\"margin-bottom:15px;font-size:22px;\">\r\n\t\tContact form\r\n\t<\/h2><p class=\"sub-heading clearfix\" style=\"font-style:normal;max-width:400px;margin-left: auto; margin-right: auto;\">\r\n\t\tSend us your message!\r\n\t<\/p><\/div>\r\n\t<div class=\"bauer-spacer clearfix\" data-desktop=\"32\" data-mobi=\"32\" data-smobi=\"32\"><\/div>[contact-form-7 id=&#8221;8421&#8243;]\r\n\t\t<\/div>\r\n\t<\/div><\/div><\/div><\/div><\/div><\/div><\/div>\r\n\t<div class=\"bauer-spacer clearfix\" data-desktop=\"100\" data-mobi=\"60\" data-smobi=\"60\"><\/div><\/div><\/div><\/div><\/div><\/div><\/section><\/div><div class=\"vc-custom-col-spacing clearfix vc-col-spacing-30\"><section class=\"wpb_row vc_row-fluid row-content-position-Default\"><div class=\"bauer-container\"><div class=\"row-inner clearfix\"><div class=\"wpb_column vc_column_container vc_col-sm-12\"><div class=\"vc_column-inner\"><div class=\"wpb_wrapper\">\r\n\t<div class=\"bauer-spacer clearfix\" data-desktop=\"0\" data-mobi=\"0\" data-smobi=\"0\"><\/div><\/div><\/div><\/div><\/div><\/div><\/section><\/div>\n<\/div>","protected":false},"excerpt":{"rendered":"1037 Bitmi\u015f layih\u0259l\u0259r 5798 M\u00fch\u0259ndisl\u0259r 747+ \u0130\u015f\u00e7i yerl\u0259ri Xidm\u0259tl\u0259rimiz Qaz- plazma k\u0259sm\u0259 Plazma k\u0259sm\u0259 cihaz\u0131 k\u0259sm\u0259 \u0259m\u0259liyyat\u0131n\u0131 s\u00fcr\u0259tl\u0259 v\u0259 minimal x\u0259talarla h\u0259yata ke\u00e7irm\u0259y\u0259 imkan verir. Haz\u0131r m\u0259mulatlar axma v\u0259 nahamarl\u0131q, yan\u0131q d\u0259mir izl\u0259ri olmadan \u00e7\u0131x\u0131r. Plazma k\u0259sm\u0259 cihaz\u0131ndan istifad\u0259 ed\u0259r\u0259k, dem\u0259k olar ki, ist\u0259nil\u0259n n\u00f6v metal\u0131 k\u0259sm\u0259k olar. Bi\u00e7im \u00fc\u00e7\u00fcn","protected":false},"author":1,"featured_media":0,"parent":0,"menu_order":0,"comment_status":"closed","ping_status":"closed","template":"","meta":{"om_disable_all_campaigns":false,"_monsterinsights_skip_tracking":false,"_monsterinsights_sitenote_active":false,"_monsterinsights_sitenote_note":"","_monsterinsights_sitenote_category":0,"footnotes":""},"class_list":["post-1326","page","type-page","status-publish","hentry"],"aioseo_notices":[],"_links":{"self":[{"href":"https:\/\/tech-con.az\/en\/wp-json\/wp\/v2\/pages\/1326","targetHints":{"allow":["GET"]}}],"collection":[{"href":"https:\/\/tech-con.az\/en\/wp-json\/wp\/v2\/pages"}],"about":[{"href":"https:\/\/tech-con.az\/en\/wp-json\/wp\/v2\/types\/page"}],"author":[{"embeddable":true,"href":"https:\/\/tech-con.az\/en\/wp-json\/wp\/v2\/users\/1"}],"replies":[{"embeddable":true,"href":"https:\/\/tech-con.az\/en\/wp-json\/wp\/v2\/comments?post=1326"}],"version-history":[{"count":22,"href":"https:\/\/tech-con.az\/en\/wp-json\/wp\/v2\/pages\/1326\/revisions"}],"predecessor-version":[{"id":9424,"href":"https:\/\/tech-con.az\/en\/wp-json\/wp\/v2\/pages\/1326\/revisions\/9424"}],"wp:attachment":[{"href":"https:\/\/tech-con.az\/en\/wp-json\/wp\/v2\/media?parent=1326"}],"curies":[{"name":"wp","href":"https:\/\/api.w.org\/{rel}","templated":true}]}}